{"id":144,"date":"2022-03-23T08:32:55","date_gmt":"2022-03-23T07:32:55","guid":{"rendered":"https:\/\/xn--frisr-millef-yjb.dk\/?page_id=144"},"modified":"2024-06-03T16:01:34","modified_gmt":"2024-06-03T14:01:34","slug":"frisoer-mille-f","status":"publish","type":"page","link":"https:\/\/xn--frisr-millef-yjb.dk\/","title":{"rendered":"Fris\u00f8r Mille F"},"content":{"rendered":"<p>[et_pb_section fb_built=&#8221;1&#8243; _builder_version=&#8221;4.16&#8243; top_divider_height=&#8221;14px&#8221; global_colors_info=&#8221;{}&#8221;][et_pb_row _builder_version=&#8221;4.16&#8243; custom_margin=&#8221;-39px||||false|false&#8221; custom_margin_tablet=&#8221;-37px||||false|false&#8221; custom_margin_phone=&#8221;||||false|false&#8221; custom_margin_last_edited=&#8221;on|phone&#8221; custom_padding=&#8221;||||false|false&#8221; global_colors_info=&#8221;{}&#8221;][et_pb_column type=&#8221;4_4&#8243; _builder_version=&#8221;4.16&#8243; global_colors_info=&#8221;{}&#8221;][et_pb_slider _builder_version=&#8221;4.17.3&#8243; auto=&#8221;on&#8221; auto_speed=&#8221;4000&#8243; global_colors_info=&#8221;{}&#8221;][et_pb_slide button_link=&#8221;https:\/\/frisoermillef.bestilling.nu\/&#8221; _builder_version=&#8221;4.16&#8243; background_color=&#8221;rgba(0,0,0,0)&#8221; background_enable_color=&#8221;on&#8221; background_image=&#8221;https:\/\/xn--frisr-millef-yjb.dk\/wp-content\/uploads\/2022\/04\/Mille_computer.png&#8221; background_enable_image=&#8221;on&#8221; custom_button=&#8221;on&#8221; button_text_size=&#8221;24px&#8221; button_text_color=&#8221;#000000&#8243; button_bg_color=&#8221;#fdd6b7&#8243; button_border_radius=&#8221;28px&#8221; button_font=&#8221;Times New Roman||||||||&#8221; button_use_icon=&#8221;off&#8221; button_alignment=&#8221;center&#8221; button_custom_margin=&#8221;100px||||false|false&#8221; button_custom_padding=&#8221;||||false|false&#8221; background_last_edited=&#8221;on|phone&#8221; background_image_tablet=&#8221;https:\/\/xn--frisr-millef-yjb.dk\/wp-content\/uploads\/2022\/04\/mille_tablet.png&#8221; background_image_phone=&#8221;https:\/\/xn--frisr-millef-yjb.dk\/wp-content\/uploads\/2022\/04\/mille_iphone.png&#8221; background_enable_image_tablet=&#8221;on&#8221; background_enable_image_phone=&#8221;on&#8221; global_colors_info=&#8221;{}&#8221; sticky_transition=&#8221;on&#8221;][\/et_pb_slide][et_pb_slide _builder_version=&#8221;4.16&#8243; background_color=&#8221;rgba(0,0,0,0)&#8221; background_enable_color=&#8221;on&#8221; background_image=&#8221;https:\/\/xn--frisr-millef-yjb.dk\/wp-content\/uploads\/2022\/03\/comp-slide2.png&#8221; background_enable_image=&#8221;on&#8221; background_last_edited=&#8221;on|phone&#8221; background_image_tablet=&#8221;https:\/\/xn--frisr-millef-yjb.dk\/wp-content\/uploads\/2022\/03\/comp-slide2.png&#8221; background_image_phone=&#8221;https:\/\/xn--frisr-millef-yjb.dk\/wp-content\/uploads\/2022\/03\/iphone.png&#8221; background_enable_image_tablet=&#8221;on&#8221; background_enable_image_phone=&#8221;on&#8221; global_colors_info=&#8221;{}&#8221; sticky_transition=&#8221;on&#8221;][\/et_pb_slide][et_pb_slide _builder_version=&#8221;4.17.3&#8243; background_color=&#8221;rgba(0,0,0,0)&#8221; background_enable_color=&#8221;on&#8221; background_image=&#8221;https:\/\/xn--frisr-millef-yjb.dk\/wp-content\/uploads\/2022\/05\/salon_pc.png&#8221; background_enable_image=&#8221;on&#8221; background_last_edited=&#8221;on|phone&#8221; background_image_tablet=&#8221;https:\/\/xn--frisr-millef-yjb.dk\/wp-content\/uploads\/2022\/05\/salon_ta-kopi.png&#8221; background_image_phone=&#8221;https:\/\/xn--frisr-millef-yjb.dk\/wp-content\/uploads\/2022\/05\/salon_iphone-kopi-2.png&#8221; background_enable_image_tablet=&#8221;on&#8221; background_enable_image_phone=&#8221;on&#8221; global_colors_info=&#8221;{}&#8221; sticky_transition=&#8221;on&#8221;][\/et_pb_slide][et_pb_slide _builder_version=&#8221;4.17.3&#8243; background_color=&#8221;rgba(0,0,0,0)&#8221; background_enable_color=&#8221;on&#8221; background_image=&#8221;https:\/\/xn--frisr-millef-yjb.dk\/wp-content\/uploads\/2022\/05\/disk_pc-kopi-2.png&#8221; background_enable_image=&#8221;on&#8221; background_last_edited=&#8221;on|phone&#8221; background_image_tablet=&#8221;https:\/\/xn--frisr-millef-yjb.dk\/wp-content\/uploads\/2022\/05\/disk_ta.png&#8221; background_image_phone=&#8221;https:\/\/xn--frisr-millef-yjb.dk\/wp-content\/uploads\/2022\/05\/disk_ta-1.png&#8221; background_enable_image_tablet=&#8221;on&#8221; background_enable_image_phone=&#8221;on&#8221; global_colors_info=&#8221;{}&#8221; sticky_transition=&#8221;on&#8221;][\/et_pb_slide][et_pb_slide _builder_version=&#8221;4.17.3&#8243; background_color=&#8221;rgba(0,0,0,0)&#8221; background_enable_color=&#8221;on&#8221; background_image=&#8221;https:\/\/xn--frisr-millef-yjb.dk\/wp-content\/uploads\/2022\/05\/shampoo_pc-kopi.png&#8221; background_enable_image=&#8221;on&#8221; background_last_edited=&#8221;on|phone&#8221; background_image_tablet=&#8221;https:\/\/xn--frisr-millef-yjb.dk\/wp-content\/uploads\/2022\/05\/shampoo_ta-kopi-2.png&#8221; background_image_phone=&#8221;https:\/\/xn--frisr-millef-yjb.dk\/wp-content\/uploads\/2022\/05\/shamppo_iphone.png&#8221; background_enable_image_tablet=&#8221;on&#8221; background_enable_image_phone=&#8221;on&#8221; global_colors_info=&#8221;{}&#8221; sticky_transition=&#8221;on&#8221;][\/et_pb_slide][et_pb_slide _builder_version=&#8221;4.16&#8243; background_color=&#8221;rgba(0,0,0,0)&#8221; background_enable_color=&#8221;on&#8221; background_image=&#8221;https:\/\/xn--frisr-millef-yjb.dk\/wp-content\/uploads\/2022\/03\/Uden-navn-9.png&#8221; background_enable_image=&#8221;on&#8221; background_last_edited=&#8221;on|phone&#8221; background_image_tablet=&#8221;https:\/\/xn--frisr-millef-yjb.dk\/wp-content\/uploads\/2022\/03\/tablet3.png&#8221; background_image_phone=&#8221;https:\/\/xn--frisr-millef-yjb.dk\/wp-content\/uploads\/2022\/03\/iphone3.png&#8221; background_enable_image_tablet=&#8221;on&#8221; background_enable_image_phone=&#8221;on&#8221; global_colors_info=&#8221;{}&#8221; sticky_transition=&#8221;on&#8221;][\/et_pb_slide][et_pb_slide heading=&#8221;@ET-DC@eyJkeW5hbWljIjp0cnVlLCJjb250ZW50IjoiY3VycmVudF9kYXRlIiwic2V0dGluZ3MiOnsiYmVmb3JlIjoiIiwiYWZ0ZXIiOiIiLCJkYXRlX2Zvcm1hdCI6ImRlZmF1bHQiLCJjdXN0b21fZGF0ZV9mb3JtYXQiOiIifX0=@&#8221; button_text=&#8221;Klik for booking af tid&#8221; button_link=&#8221;https:\/\/frisoermillef.bestilling.nu&#8221; _builder_version=&#8221;4.16&#8243; _dynamic_attributes=&#8221;heading&#8221; background_color=&#8221;rgba(0,0,0,0)&#8221; background_enable_color=&#8221;on&#8221; background_image=&#8221;https:\/\/xn--frisr-millef-yjb.dk\/wp-content\/uploads\/2022\/03\/img31.png&#8221; background_enable_image=&#8221;on&#8221; background_last_edited=&#8221;on|phone&#8221; background_image_tablet=&#8221;https:\/\/xn--frisr-millef-yjb.dk\/wp-content\/uploads\/2022\/03\/tablet4.png&#8221; background_image_phone=&#8221;https:\/\/xn--frisr-millef-yjb.dk\/wp-content\/uploads\/2022\/03\/iphone4.png&#8221; background_enable_image_tablet=&#8221;on&#8221; background_enable_image_phone=&#8221;on&#8221; global_colors_info=&#8221;{}&#8221; sticky_transition=&#8221;on&#8221;]Jeg byder alle velkommen i mit studio.<\/p>\n<p>Jeg gl\u00e6der mig til at se dig![\/et_pb_slide][\/et_pb_slider][et_pb_button button_url=&#8221;https:\/\/frisoermillef.bestilling.nu\/&#8221; button_text=&#8221;Klik for booking af tid&#8221; button_alignment=&#8221;center&#8221; _builder_version=&#8221;4.16&#8243; custom_button=&#8221;on&#8221; button_text_color=&#8221;#303030&#8243; button_bg_color=&#8221;rgba(0,0,0,0)&#8221; button_border_color=&#8221;#707070&#8243; button_font=&#8221;Times New Roman||||||||&#8221; custom_margin=&#8221;-15px||-4px||false|false&#8221; global_colors_info=&#8221;{}&#8221;][\/et_pb_button][\/et_pb_column][\/et_pb_row][et_pb_row column_structure=&#8221;1_3,1_3,1_3&#8243; _builder_version=&#8221;4.16&#8243; custom_margin=&#8221;-33px||||false|false&#8221; global_colors_info=&#8221;{}&#8221;][et_pb_column type=&#8221;1_3&#8243; _builder_version=&#8221;4.16&#8243; custom_padding=&#8221;|||&#8221; filter_saturate=&#8221;0%&#8221; border_color_all=&#8221;#000000&#8243; global_colors_info=&#8221;{}&#8221; custom_padding__hover=&#8221;|||&#8221;][et_pb_testimonial portrait_url=&#8221;https:\/\/xn--frisr-millef-yjb.dk\/wp-content\/uploads\/2022\/03\/Skaermbillede-2022-03-22-kl.-13.58.37.png&#8221; quote_icon=&#8221;off&#8221; admin_label=&#8221;Testimonial&#8221; module_id=&#8221;kontakt&#8221; _builder_version=&#8221;4.16&#8243; body_font=&#8221;Times New Roman||||||||&#8221; body_line_height=&#8221;2em&#8221; background_color=&#8221;#ffffff&#8221; custom_margin=&#8221;|||&#8221; custom_padding=&#8221;10px|30px|10px|30px|true|true&#8221; animation_style=&#8221;zoom&#8221; animation_intensity_zoom=&#8221;10%&#8221; border_radii=&#8221;on|5px|5px|5px|5px&#8221; border_width_top=&#8221;10px&#8221; border_color_top=&#8221;#2b76df&#8221; box_shadow_style=&#8221;preset3&#8243; box_shadow_blur=&#8221;49px&#8221; box_shadow_color=&#8221;rgba(0,0,0,0.06)&#8221; global_colors_info=&#8221;{}&#8221;]<\/p>\n<h4>Fris\u00f8r | Mille F<br \/>Esrumvej 37<br \/>3000 Helsing\u00f8r<br \/>Telefon 42728183<\/h4>\n<p>[\/et_pb_testimonial][et_pb_button button_url=&#8221;https:\/\/frisoermillef.bestilling.nu\/&#8221; button_text=&#8221;Klik for tidsbestilling &#038; priser&#8221; button_alignment=&#8221;center&#8221; _builder_version=&#8221;4.16&#8243; custom_button=&#8221;on&#8221; button_text_color=&#8221;#e02b20&#8243; button_font=&#8221;Times New Roman||||||||&#8221; global_colors_info=&#8221;{}&#8221;][\/et_pb_button][\/et_pb_column][et_pb_column type=&#8221;1_3&#8243; _builder_version=&#8221;4.16&#8243; custom_padding=&#8221;|||&#8221; filter_hue_rotate=&#8221;211deg&#8221; filter_saturate=&#8221;0%&#8221; global_colors_info=&#8221;{}&#8221; custom_padding__hover=&#8221;|||&#8221;][et_pb_testimonial portrait_url=&#8221;https:\/\/xn--frisr-millef-yjb.dk\/wp-content\/uploads\/2022\/03\/Skaermbillede-2022-03-22-kl.-13.54.52.png&#8221; quote_icon=&#8221;off&#8221; module_id=&#8221;om&#8221; _builder_version=&#8221;4.16&#8243; body_font=&#8221;Times New Roman||||||||&#8221; body_line_height=&#8221;2em&#8221; background_color=&#8221;#ffffff&#8221; custom_margin=&#8221;|||&#8221; custom_padding=&#8221;10px|30px|10px|30px|true|true&#8221; animation_style=&#8221;zoom&#8221; animation_intensity_zoom=&#8221;10%&#8221; border_radii=&#8221;on|5px|5px|5px|5px&#8221; border_color_all=&#8221;#000000&#8243; border_width_top=&#8221;10px&#8221; border_color_top=&#8221;#ff9c02&#8243; box_shadow_style=&#8221;preset3&#8243; box_shadow_blur=&#8221;49px&#8221; box_shadow_color=&#8221;rgba(0,0,0,0.06)&#8221; global_colors_info=&#8221;{}&#8221;]<\/p>\n<h4><span style=\"font-family: inherit; font-weight: normal;\"><strong>Fris\u00f8r | Mille F<\/strong> <strong>\u2013 Din fris\u00f8r i Helsing\u00f8r. <\/strong><\/span><\/h4>\n<h4><span style=\"font-family: inherit; font-weight: normal;\">Vi tilbyder herreklip, dameklip, farvebehandlinger, bryllupspakker, mm.<\/span><span style=\"font-family: inherit; font-weight: normal;\"><\/span><\/h4>\n<h4>Hos Fris\u00f8r Mille F leverer vi altid et godt stykke h\u00e5ndv\u00e6rk, som har kundens \u00f8nsker og behov i fokus. Dette sikrer vi ved at have uddannede fris\u00f8rer, som er efteruddannet indenfor diverse specialer.<\/h4>\n<h4>Vil du anbefale Fris\u00f8r Mille F, eller se hvad andre kunder har skrevet om os &#8211; s\u00e5 klik her: <span style=\"text-decoration: underline;\"><a href=\"https:\/\/www.google.com\/search?q=Fris%C3%B8r+Mille+F&amp;oq=fris%C3%B8r+Mille+F&amp;aqs=chrome.0.69i59l2j69i61l3.3274j0j7&amp;sourceid=chrome&amp;ie=UTF-8#lrd=0x465231496515c73d:0x68c9fc9ae8da64d,1,,,\">Anbefal Fris\u00f8r Mille F<\/a><\/span>.\u00a0<\/h4>\n<h4>Vi st\u00e5r klar til at hj\u00e6lpe dig, og gl\u00e6der os til at se dig hos Fris\u00f8r Mille F, s\u00e5 t\u00f8v ikke med at booke en tid i dag.<\/h4>\n<p>&nbsp;<\/p>\n<h4><\/h4>\n<p>[\/et_pb_testimonial][et_pb_social_media_follow _builder_version=&#8221;4.16&#8243; _module_preset=&#8221;default&#8221; text_orientation=&#8221;center&#8221; global_colors_info=&#8221;{}&#8221;][et_pb_social_media_follow_network social_network=&#8221;facebook&#8221; url=&#8221;https:\/\/www.facebook.com\/hairdressermillefoverskov\/&#8221; _builder_version=&#8221;4.16&#8243; _module_preset=&#8221;default&#8221; background_color=&#8221;#3b5998&#8243; global_colors_info=&#8221;{}&#8221; follow_button=&#8221;off&#8221; url_new_window=&#8221;on&#8221;]facebook[\/et_pb_social_media_follow_network][et_pb_social_media_follow_network social_network=&#8221;instagram&#8221; url=&#8221;https:\/\/www.instagram.com\/frisor_millef\/?hl=da&#8221; _builder_version=&#8221;4.16&#8243; _module_preset=&#8221;default&#8221; background_color=&#8221;#ea2c59&#8243; global_colors_info=&#8221;{}&#8221; follow_button=&#8221;off&#8221; url_new_window=&#8221;on&#8221;]instagram[\/et_pb_social_media_follow_network][\/et_pb_social_media_follow][\/et_pb_column][et_pb_column type=&#8221;1_3&#8243; _builder_version=&#8221;4.16&#8243; custom_padding=&#8221;|||&#8221; filter_saturate=&#8221;0%&#8221; global_colors_info=&#8221;{}&#8221; custom_padding__hover=&#8221;|||&#8221;][et_pb_testimonial portrait_url=&#8221;https:\/\/xn--frisr-millef-yjb.dk\/wp-content\/uploads\/2022\/03\/Skaermbillede-2022-03-22-kl.-13.59.54.png&#8221; quote_icon=&#8221;off&#8221; _builder_version=&#8221;4.16&#8243; body_font=&#8221;Times New Roman||||||||&#8221; body_line_height=&#8221;2em&#8221; background_color=&#8221;#ffffff&#8221; custom_margin=&#8221;|||&#8221; custom_padding=&#8221;10px|30px|10px|30px|true|true&#8221; animation_style=&#8221;zoom&#8221; animation_intensity_zoom=&#8221;10%&#8221; border_radii=&#8221;on|5px|5px|5px|5px&#8221; border_color_all=&#8221;#ff7355&#8243; border_width_top=&#8221;10px&#8221; box_shadow_style=&#8221;preset3&#8243; box_shadow_blur=&#8221;49px&#8221; box_shadow_color=&#8221;rgba(0,0,0,0.06)&#8221; global_colors_info=&#8221;{}&#8221;]<\/p>\n<h4 style=\"text-align: center;\">Mandag\u00a0 09:00 &#8211; 17:00<\/h4>\n<h4 style=\"text-align: center;\">Tirsdag\u00a0 \u00a009:00 &#8211; 17:00<\/h4>\n<h4 style=\"text-align: center;\">Onsdag\u00a0 \u00a011:00 &#8211; 19:30<\/h4>\n<h4 style=\"text-align: center;\">Torsdag\u00a0 \u00a009:00 &#8211; 15:30<\/h4>\n<h4 style=\"text-align: center;\">Fredag\u00a0 \u00a0 09:00 &#8211; 17:00<\/h4>\n<h4 style=\"text-align: center;\"><\/h4>\n<p>&nbsp;<\/p>\n<p>&nbsp;<\/p>\n<p>[\/et_pb_testimonial][et_pb_text module_id=&#8221;\u00e5bningstider&#8221; _builder_version=&#8221;4.16&#8243; _module_preset=&#8221;default&#8221; global_colors_info=&#8221;{}&#8221;][\/et_pb_text][\/et_pb_column][\/et_pb_row][\/et_pb_section]<\/p>\n","protected":false},"excerpt":{"rendered":"<p>Jeg byder alle velkommen i mit studio. Jeg gl\u00e6der mig til at se dig!Fris\u00f8r | Mille FEsrumvej 373000 Helsing\u00f8rTelefon 42728183Fris\u00f8r | Mille F \u2013 Din fris\u00f8r i Helsing\u00f8r. Vi tilbyder herreklip, dameklip, farvebehandlinger, bryllupspakker, mm. Hos Fris\u00f8r Mille F leverer vi altid et godt stykke h\u00e5ndv\u00e6rk, som har kundens \u00f8nsker og behov i fokus. Dette [&hellip;]<\/p>\n","protected":false},"author":1,"featured_media":0,"parent":0,"menu_order":0,"comment_status":"closed","ping_status":"closed","template":"","meta":{"_et_pb_use_builder":"on","_et_pb_old_content":"","_et_gb_content_width":"","footnotes":""},"class_list":["post-144","page","type-page","status-publish","hentry"],"_links":{"self":[{"href":"https:\/\/xn--frisr-millef-yjb.dk\/index.php?rest_route=\/wp\/v2\/pages\/144","targetHints":{"allow":["GET"]}}],"collection":[{"href":"https:\/\/xn--frisr-millef-yjb.dk\/index.php?rest_route=\/wp\/v2\/pages"}],"about":[{"href":"https:\/\/xn--frisr-millef-yjb.dk\/index.php?rest_route=\/wp\/v2\/types\/page"}],"author":[{"embeddable":true,"href":"https:\/\/xn--frisr-millef-yjb.dk\/index.php?rest_route=\/wp\/v2\/users\/1"}],"replies":[{"embeddable":true,"href":"https:\/\/xn--frisr-millef-yjb.dk\/index.php?rest_route=%2Fwp%2Fv2%2Fcomments&post=144"}],"version-history":[{"count":66,"href":"https:\/\/xn--frisr-millef-yjb.dk\/index.php?rest_route=\/wp\/v2\/pages\/144\/revisions"}],"predecessor-version":[{"id":336,"href":"https:\/\/xn--frisr-millef-yjb.dk\/index.php?rest_route=\/wp\/v2\/pages\/144\/revisions\/336"}],"wp:attachment":[{"href":"https:\/\/xn--frisr-millef-yjb.dk\/index.php?rest_route=%2Fwp%2Fv2%2Fmedia&parent=144"}],"curies":[{"name":"wp","href":"https:\/\/api.w.org\/{rel}","templated":true}]}}